{"id":9,"date":"2020-02-09T13:04:43","date_gmt":"2020-02-09T12:04:43","guid":{"rendered":"http:\/\/wir-im-hangel.de\/?page_id=9"},"modified":"2026-03-24T20:28:56","modified_gmt":"2026-03-24T19:28:56","slug":"wir-im-hangel-de-gemeinsam-stark","status":"publish","type":"page","link":"https:\/\/wir-im-hangel.de\/","title":{"rendered":"Gemeinsam stark"},"content":{"rendered":"\t\t<div data-elementor-type=\"wp-page\" data-elementor-id=\"9\" class=\"elementor elementor-9\">\n\t\t\t\t\t\t<div class=\"elementor-inner\">\n\t\t\t\t<div class=\"elementor-section-wrap\">\n\t\t\t\t\t\t\t\t\t<section class=\"elementor-section elementor-top-section elementor-element elementor-element-489475eb elementor-section-boxed elementor-section-height-default elementor-section-height-default\" data-id=\"489475eb\" data-element_type=\"section\">\n\t\t\t\t\t\t<div class=\"elementor-container elementor-column-gap-default\">\n\t\t\t\t\t\t\t<div class=\"elementor-row\">\n\t\t\t\t\t<div class=\"elementor-column elementor-col-100 elementor-top-column elementor-element elementor-element-33845723\" data-id=\"33845723\" data-element_type=\"column\">\n\t\t\t<div class=\"elementor-column-wrap elementor-element-populated\">\n\t\t\t\t\t\t\t<div class=\"elementor-widget-wrap\">\n\t\t\t\t\t\t<div class=\"elementor-element elementor-element-25291b5b elementor-widget elementor-widget-text-editor\" data-id=\"25291b5b\" data-element_type=\"widget\" data-widget_type=\"text-editor.default\">\n\t\t\t\t<div class=\"elementor-widget-container\">\n\t\t\t\t\t\t\t\t<div class=\"elementor-text-editor elementor-clearfix\">\n\t\t\t\t<p><!-- wp:paragraph --><\/p>\n<p>Ziel der Initiative \u201eNachbar schafft\u00b4s im Hangel\u201c ist es Nachbarschaften zu st\u00e4rken, Menschen miteinander in Kontakt zu bringen und M\u00f6glichkeiten f\u00fcr nachbarschaftliche Unterst\u00fctzung zu schaffen.<\/p>\n<p>Wir freuen uns, wenn Menschen unsere Initiative mit ihrer Mitgliedschaft unterst\u00fctzen. Alle Angebote und Aktivit\u00e4ten sind jedoch offen &#8211; egal, ob ihr Mitglied seid oder nicht.<\/p>\n<p><!-- \/wp:paragraph --><!-- wp:paragraph --><\/p>\n<p><!-- \/wp:paragraph --><!-- wp:paragraph --><\/p>\n<p>Hier k\u00f6nnt ihr den\u00a0<span style=\"color: #ff0000;\"><a style=\"color: #ff0000;\" href=\"https:\/\/seu2.cleverreach.com\/f\/235008-230243\/\" target=\"_blank\" rel=\"noopener\"><i><b>NEWSLETTER\u00a0<\/b><\/i><\/a><\/span>abonnieren.<\/p>\n<p>Du suchst die schnelle Kommunikation und Information in der Nachbarschaft?<br \/>Nutze unseren digitalen <strong><span style=\"color: #ff0000;\"><em><a style=\"color: #ff0000;\" href=\"https:\/\/wir-im-hangel.de\/?page_id=416\">&#8222;KLUBRAUM&#8220;<\/a><\/em> <\/span><\/strong>um dich \u00fcber Aktivit\u00e4ten zu informieren. Du kannst hier aber auch schreiben, wenn du dir etwas von Nachbarn ausleihen m\u00f6chtest, etwas abzugeben hast oder andere f\u00fcr gemeinsame Aktivit\u00e4ten sucht.<\/p>\n<p>\u00a0<\/p>\n<p><!-- \/wp:paragraph --><!-- wp:latest-posts {\"postLayout\":\"grid\"} \/--><\/p>\t\t\t\t\t<\/div>\n\t\t\t\t\t\t<\/div>\n\t\t\t\t<\/div>\n\t\t\t\t\t\t<\/div>\n\t\t\t\t\t<\/div>\n\t\t<\/div>\n\t\t\t\t\t\t\t\t<\/div>\n\t\t\t\t\t<\/div>\n\t\t<\/section>\n\t\t\t\t<section class=\"elementor-section elementor-top-section elementor-element elementor-element-66fff64 elementor-section-boxed elementor-section-height-default elementor-section-height-default\" data-id=\"66fff64\" data-element_type=\"section\">\n\t\t\t\t\t\t<div class=\"elementor-container elementor-column-gap-default\">\n\t\t\t\t\t\t\t<div class=\"elementor-row\">\n\t\t\t\t\t<div class=\"elementor-column elementor-col-100 elementor-top-column elementor-element elementor-element-aed56e8\" data-id=\"aed56e8\" data-element_type=\"column\">\n\t\t\t<div class=\"elementor-column-wrap elementor-element-populated\">\n\t\t\t\t\t\t\t<div class=\"elementor-widget-wrap\">\n\t\t\t\t\t\t<div class=\"elementor-element elementor-element-3072bc9 elementor-widget elementor-widget-image\" data-id=\"3072bc9\" data-element_type=\"widget\" data-widget_type=\"image.default\">\n\t\t\t\t<div class=\"elementor-widget-container\">\n\t\t\t\t\t\t\t\t<div class=\"elementor-image\">\n\t\t\t\t\t\t\t\t\t\t\t\t<img decoding=\"async\" width=\"1024\" height=\"548\" src=\"https:\/\/wir-im-hangel.de\/wp-content\/uploads\/2021\/08\/IMG-20210806-WA0006-e1628453815737-1024x548.jpg\" class=\"attachment-large size-large wp-image-292\" alt=\"\" loading=\"lazy\" srcset=\"https:\/\/wir-im-hangel.de\/wp-content\/uploads\/2021\/08\/IMG-20210806-WA0006-e1628453815737-1024x548.jpg 1024w, https:\/\/wir-im-hangel.de\/wp-content\/uploads\/2021\/08\/IMG-20210806-WA0006-e1628453815737-300x161.jpg 300w, https:\/\/wir-im-hangel.de\/wp-content\/uploads\/2021\/08\/IMG-20210806-WA0006-e1628453815737-768x411.jpg 768w, https:\/\/wir-im-hangel.de\/wp-content\/uploads\/2021\/08\/IMG-20210806-WA0006-e1628453815737-1536x822.jpg 1536w, https:\/\/wir-im-hangel.de\/wp-content\/uploads\/2021\/08\/IMG-20210806-WA0006-e1628453815737.jpg 1592w\" sizes=\"(max-width: 1024px) 100vw, 1024px\" \/>\t\t\t\t\t\t\t\t\t\t\t\t\t\t<\/div>\n\t\t\t\t\t\t<\/div>\n\t\t\t\t<\/div>\n\t\t\t\t\t\t<\/div>\n\t\t\t\t\t<\/div>\n\t\t<\/div>\n\t\t\t\t\t\t\t\t<\/div>\n\t\t\t\t\t<\/div>\n\t\t<\/section>\n\t\t\t\t\t\t\t\t\t<\/div>\n\t\t\t<\/div>\n\t\t\t\t\t<\/div>\n\t\t","protected":false},"excerpt":{"rendered":"<p>Ziel der Initiative \u201eNachbar schafft\u00b4s im Hangel\u201c ist es Nachbarschaften zu st\u00e4rken, Menschen miteinander in Kontakt zu bringen und M\u00f6glichkeiten f\u00fcr nachbarschaftliche Unterst\u00fctzung zu schaffen. Wir freuen uns, wenn Menschen unsere Initiative mit ihrer Mitgliedschaft unterst\u00fctzen. Alle Angebote und Aktivit\u00e4ten &hellip; <a href=\"https:\/\/wir-im-hangel.de\/\">Weiter<\/a><\/p>\n","protected":false},"author":1,"featured_media":0,"parent":0,"menu_order":0,"comment_status":"closed","ping_status":"closed","template":"","meta":{"kt_blocks_editor_width":""},"yoast_head":"<!-- This site is optimized with the Yoast SEO plugin v19.14 - https:\/\/yoast.com\/wordpress\/plugins\/seo\/ -->\n<title>Gemeinsam stark - Wir-im-Hangel.de<\/title>\n<meta name=\"description\" content=\"Ziel des Vereines \u201eNachbar schafft\u00b4s im Hangel\u201c ist die Nachbarschaft zu st\u00e4rken, Menschen miteinander in Kontakt zu bringen und M\u00f6glichkeiten f\u00fcr nachbarschaftliche Unterst\u00fctzung zu schaffen.\" \/>\n<meta name=\"robots\" content=\"index, follow, max-snippet:-1, max-image-preview:large, max-video-preview:-1\" \/>\n<link rel=\"canonical\" href=\"https:\/\/wir-im-hangel.de\/\" \/>\n<meta property=\"og:locale\" content=\"de_DE\" \/>\n<meta property=\"og:type\" content=\"article\" \/>\n<meta property=\"og:title\" content=\"Gemeinsam stark - Wir-im-Hangel.de\" \/>\n<meta property=\"og:description\" content=\"Ziel des Vereines \u201eNachbar schafft\u00b4s im Hangel\u201c ist die Nachbarschaft zu st\u00e4rken, Menschen miteinander in Kontakt zu bringen und M\u00f6glichkeiten f\u00fcr nachbarschaftliche Unterst\u00fctzung zu schaffen.\" \/>\n<meta property=\"og:url\" content=\"https:\/\/wir-im-hangel.de\/\" \/>\n<meta property=\"og:site_name\" content=\"Wir-im-Hangel.de\" \/>\n<meta property=\"article:modified_time\" content=\"2026-03-24T19:28:56+00:00\" \/>\n<meta property=\"og:image\" content=\"https:\/\/wir-im-hangel.de\/wp-content\/uploads\/2021\/08\/IMG-20210806-WA0006-e1628453815737-1024x548.jpg\" \/>\n<meta name=\"twitter:card\" content=\"summary_large_image\" \/>\n<meta name=\"twitter:label1\" content=\"Gesch\u00e4tzte Lesezeit\" \/>\n\t<meta name=\"twitter:data1\" content=\"1\u00a0Minute\" \/>\n<script type=\"application\/ld+json\" class=\"yoast-schema-graph\">{\"@context\":\"https:\/\/schema.org\",\"@graph\":[{\"@type\":\"WebPage\",\"@id\":\"https:\/\/wir-im-hangel.de\/\",\"url\":\"https:\/\/wir-im-hangel.de\/\",\"name\":\"Gemeinsam stark - Wir-im-Hangel.de\",\"isPartOf\":{\"@id\":\"https:\/\/wir-im-hangel.de\/#website\"},\"datePublished\":\"2020-02-09T12:04:43+00:00\",\"dateModified\":\"2026-03-24T19:28:56+00:00\",\"description\":\"Ziel des Vereines \u201eNachbar schafft\u00b4s im Hangel\u201c ist die Nachbarschaft zu st\u00e4rken, Menschen miteinander in Kontakt zu bringen und M\u00f6glichkeiten f\u00fcr nachbarschaftliche Unterst\u00fctzung zu schaffen.\",\"breadcrumb\":{\"@id\":\"https:\/\/wir-im-hangel.de\/#breadcrumb\"},\"inLanguage\":\"de\",\"potentialAction\":[{\"@type\":\"ReadAction\",\"target\":[\"https:\/\/wir-im-hangel.de\/\"]}]},{\"@type\":\"BreadcrumbList\",\"@id\":\"https:\/\/wir-im-hangel.de\/#breadcrumb\",\"itemListElement\":[{\"@type\":\"ListItem\",\"position\":1,\"name\":\"Startseite\",\"item\":\"https:\/\/wir-im-hangel.de\/\"},{\"@type\":\"ListItem\",\"position\":2,\"name\":\"Gemeinsam stark\"}]},{\"@type\":\"WebSite\",\"@id\":\"https:\/\/wir-im-hangel.de\/#website\",\"url\":\"https:\/\/wir-im-hangel.de\/\",\"name\":\"Wir-im-Hangel.de\",\"description\":\"Nachbar schafft\u00b4s im Hangel e.V.\",\"potentialAction\":[{\"@type\":\"SearchAction\",\"target\":{\"@type\":\"EntryPoint\",\"urlTemplate\":\"https:\/\/wir-im-hangel.de\/?s={search_term_string}\"},\"query-input\":\"required name=search_term_string\"}],\"inLanguage\":\"de\"}]}<\/script>\n<!-- \/ Yoast SEO plugin. -->","yoast_head_json":{"title":"Gemeinsam stark - Wir-im-Hangel.de","description":"Ziel des Vereines \u201eNachbar schafft\u00b4s im Hangel\u201c ist die Nachbarschaft zu st\u00e4rken, Menschen miteinander in Kontakt zu bringen und M\u00f6glichkeiten f\u00fcr nachbarschaftliche Unterst\u00fctzung zu schaffen.","robots":{"index":"index","follow":"follow","max-snippet":"max-snippet:-1","max-image-preview":"max-image-preview:large","max-video-preview":"max-video-preview:-1"},"canonical":"https:\/\/wir-im-hangel.de\/","og_locale":"de_DE","og_type":"article","og_title":"Gemeinsam stark - Wir-im-Hangel.de","og_description":"Ziel des Vereines \u201eNachbar schafft\u00b4s im Hangel\u201c ist die Nachbarschaft zu st\u00e4rken, Menschen miteinander in Kontakt zu bringen und M\u00f6glichkeiten f\u00fcr nachbarschaftliche Unterst\u00fctzung zu schaffen.","og_url":"https:\/\/wir-im-hangel.de\/","og_site_name":"Wir-im-Hangel.de","article_modified_time":"2026-03-24T19:28:56+00:00","og_image":[{"url":"https:\/\/wir-im-hangel.de\/wp-content\/uploads\/2021\/08\/IMG-20210806-WA0006-e1628453815737-1024x548.jpg"}],"twitter_card":"summary_large_image","twitter_misc":{"Gesch\u00e4tzte Lesezeit":"1\u00a0Minute"},"schema":{"@context":"https:\/\/schema.org","@graph":[{"@type":"WebPage","@id":"https:\/\/wir-im-hangel.de\/","url":"https:\/\/wir-im-hangel.de\/","name":"Gemeinsam stark - Wir-im-Hangel.de","isPartOf":{"@id":"https:\/\/wir-im-hangel.de\/#website"},"datePublished":"2020-02-09T12:04:43+00:00","dateModified":"2026-03-24T19:28:56+00:00","description":"Ziel des Vereines \u201eNachbar schafft\u00b4s im Hangel\u201c ist die Nachbarschaft zu st\u00e4rken, Menschen miteinander in Kontakt zu bringen und M\u00f6glichkeiten f\u00fcr nachbarschaftliche Unterst\u00fctzung zu schaffen.","breadcrumb":{"@id":"https:\/\/wir-im-hangel.de\/#breadcrumb"},"inLanguage":"de","potentialAction":[{"@type":"ReadAction","target":["https:\/\/wir-im-hangel.de\/"]}]},{"@type":"BreadcrumbList","@id":"https:\/\/wir-im-hangel.de\/#breadcrumb","itemListElement":[{"@type":"ListItem","position":1,"name":"Startseite","item":"https:\/\/wir-im-hangel.de\/"},{"@type":"ListItem","position":2,"name":"Gemeinsam stark"}]},{"@type":"WebSite","@id":"https:\/\/wir-im-hangel.de\/#website","url":"https:\/\/wir-im-hangel.de\/","name":"Wir-im-Hangel.de","description":"Nachbar schafft\u00b4s im Hangel e.V.","potentialAction":[{"@type":"SearchAction","target":{"@type":"EntryPoint","urlTemplate":"https:\/\/wir-im-hangel.de\/?s={search_term_string}"},"query-input":"required name=search_term_string"}],"inLanguage":"de"}]}},"_links":{"self":[{"href":"https:\/\/wir-im-hangel.de\/wp-json\/wp\/v2\/pages\/9"}],"collection":[{"href":"https:\/\/wir-im-hangel.de\/wp-json\/wp\/v2\/pages"}],"about":[{"href":"https:\/\/wir-im-hangel.de\/wp-json\/wp\/v2\/types\/page"}],"author":[{"embeddable":true,"href":"https:\/\/wir-im-hangel.de\/wp-json\/wp\/v2\/users\/1"}],"replies":[{"embeddable":true,"href":"https:\/\/wir-im-hangel.de\/wp-json\/wp\/v2\/comments?post=9"}],"version-history":[{"count":47,"href":"https:\/\/wir-im-hangel.de\/wp-json\/wp\/v2\/pages\/9\/revisions"}],"predecessor-version":[{"id":522,"href":"https:\/\/wir-im-hangel.de\/wp-json\/wp\/v2\/pages\/9\/revisions\/522"}],"wp:attachment":[{"href":"https:\/\/wir-im-hangel.de\/wp-json\/wp\/v2\/media?parent=9"}],"curies":[{"name":"wp","href":"https:\/\/api.w.org\/{rel}","templated":true}]}}